{"id":4325,"date":"2018-04-19T00:43:03","date_gmt":"2018-04-19T00:43:03","guid":{"rendered":"https:\/\/www.ildiariodellabellezza.it\/pointes-abimees\/"},"modified":"2021-04-29T09:28:46","modified_gmt":"2021-04-29T09:28:46","slug":"pointes-abimees","status":"publish","type":"page","link":"https:\/\/www.ildiariodellabellezza.it\/en\/pointes-abimees\/","title":{"rendered":"POINTES AB\u00ceM\u00c9ES"},"content":{"rendered":"<div class=\"wpb-content-wrapper\"><p>[vc_row][vc_column css_animation=&#8221;fadeIn&#8221;][vc_column_text]<\/p>\n<h3 style=\"text-align: center;\">Bye, bye Split Ends<\/h3>\n<p style=\"text-align: center;\"><em>Trust the HAIR EXPERTS<\/em><\/p>\n<p>Split Ends affect weak and damaged hair that is prone to break on its ends. These breakages happen more and more frequently until the hair looks rough and matte.<!--more--><br \/>\nAlso dry hair, less elastic and less strong than normal hair, can suffer split ends, as it happens to long hair.<\/p>\n<p>The line <strong>POINTES AB\u00ceM\u00c9ES <\/strong>has an immediate repairing effect on the shafts and reduces the onset of new split ends dramatically. The hair re-discovers its strenght and its shine.[\/vc_column_text][\/vc_column][\/vc_row][vc_row][vc_column css_animation=&#8221;fadeInDown&#8221; css=&#8221;.vc_custom_1522778759604{margin-top: -20px !important;margin-bottom: -15px !important;}&#8221;][vc_separator][vc_column_text css=&#8221;.vc_custom_1619686452880{margin-top: -20px !important;}&#8221;]The Ritual <strong>POINTES<\/strong> <strong>AB\u00ceM\u00c9ES <\/strong>:<\/p>\n<ul>\n<li>reduces and prevents the onset of split ends;<\/li>\n<li>repairs the hair cuticle effectively;<\/li>\n<li>makes the hair strong, heathy and shiny.<\/li>\n<\/ul>\n<p>[\/vc_column_text][\/vc_column][\/vc_row][vc_row css=&#8221;.vc_custom_1523635209026{margin-bottom: -15px !important;}&#8221;][vc_column][vc_tta_accordion style=&#8221;flat&#8221; color=&#8221;sandy-brown&#8221; c_icon=&#8221;chevron&#8221; active_section=&#8221;&#8221; css_animation=&#8221;fadeInUpBig&#8221; no_fill=&#8221;true&#8221; collapsible_all=&#8221;true&#8221; css=&#8221;.vc_custom_1527162414058{background-color: #ffffff !important;}&#8221;][vc_tta_section i_icon_fontawesome=&#8221;&#8221; add_icon=&#8221;true&#8221; title=&#8221;1) HYGIENIZING HAIR AND SCALP WITH THE SHAMPOO&#8221; tab_id=&#8221;1519789565568-4a96111d-9520&#8243;][vc_column_text css_animation=&#8221;none&#8221;]<strong>SHAMPOO R\u00c9PARE POINTES (20 ml)<\/strong><\/p>\n<ul>\n<li>Use the <strong>SHAMPOO R\u00c9PARE POINTES <\/strong>emulsifying it with some warm water till obtaining a soft foam; massage the emulsion on the shafts then rinse. Repeat the process leaving in action for 2 minutes, then rinse carefully.<\/li>\n<\/ul>\n<p>[\/vc_column_text][\/vc_tta_section][vc_tta_section i_icon_fontawesome=&#8221;&#8221; add_icon=&#8221;true&#8221; title=&#8221;2) PROTECTING WITH HAIR CONDITIONER&#8221; tab_id=&#8221;1519789565590-d2495e0b-e982&#8243;][vc_column_text]<strong>MASK R\u00c9PARE POINTES (15 ml)<\/strong><\/p>\n<ul>\n<li>After the shampoo as above, use a towel for absorbing the water excess then apply the mask on the locks and leave on for 10 minutes after having enveloped the hair with a hot turban or a plastic film. Don&#8217;t use dry heat sources. Emulsify carefully before rinsing.<\/li>\n<\/ul>\n<p>[\/vc_column_text][\/vc_tta_section][vc_tta_section i_icon_fontawesome=&#8221;&#8221; add_icon=&#8221;true&#8221; title=&#8221;3) COMPLETING WITH THE FINAL TOUCH&#8221; tab_id=&#8221;1522779116502-a7f1d37f-29ee&#8221;][vc_column_text]<strong>PHYTO MIN\u00c9RALISANTE (10 ml) and ARGAN ELIXIR (2 ml)<\/strong><\/p>\n<ul>\n<li>Blend 2 ml <strong>ARGAN ELIXIR <\/strong>(10 pumps) into the content of one ampoules <strong>LOZIONE PHYTO MIN\u00c9RALISANTE,<\/strong> distribute on lengths and ends before drying.<\/li>\n<\/ul>\n<p>[\/vc_column_text][\/vc_tta_section][\/vc_tta_accordion][vc_separator style=&#8221;dotted&#8221;][vc_tta_tabs color=&#8221;sandy-brown&#8221; active_section=&#8221;1&#8243; css_animation=&#8221;fadeInUp&#8221;][vc_tta_section i_icon_fontawesome=&#8221;&#8221; add_icon=&#8221;true&#8221; title=&#8221;The RITUAL POINTES AB\u00ceM\u00c9ES EST\u0112REL is composed by&#8221; tab_id=&#8221;1527162294528-361eb329-fb8c&#8221;][vc_column_text]<\/p>\n<ul>\n<li><strong>SHAMPOO R\u00c9PARE POINTES<\/strong><br \/>\nBOTTLE 1000 ml \/ 250 ml<\/li>\n<li><strong>MASCHERA R\u00c9PARE POINTES<\/strong><br \/>\nJAR 250 ml<\/li>\n<li><strong>ARGAN ELIXIR<br \/>\n<\/strong>BOTTLE100 ml<\/li>\n<li><strong>LOTION PHYTO MIN\u00c9RALISANTE<br \/>\n<\/strong>AMPOULE 10 ml (box containing 10 ampoules)<\/li>\n<\/ul>\n<p>[\/vc_column_text][\/vc_tta_section][vc_tta_section i_icon_fontawesome=&#8221;fa fa-flask&#8221; add_icon=&#8221;true&#8221; title=&#8221;ATTIVI SPECIFICI&#8221; tab_id=&#8221;1527162294477-06267f6a-45e9&#8243;][vc_column_text]<div class=\"list_item lists_1 clearfix\"><div class=\"list_left list_icon\"><i class=\"icon-leaf\" aria-hidden=\"true\"><\/i><\/div><div class=\"list_right\"><div class=\"desc\"><\/p>\n<ul>\n<li><strong><a href=\"https:\/\/www.ildiariodellabellezza.it\/en\/ingredienti\/coconut\/\">TENSIOATTIVI DERIVATI DALL\u2019OLIO DI COCCO<\/a><br \/>\n<\/strong>detersione efficace e rigenerante<\/li>\n<li><strong><a href=\"https:\/\/www.ildiariodellabellezza.it\/en\/ingredienti\/ceramides\/\">CERAMIDE A2<\/a><br \/>\n<\/strong>azione riparatrice istantanea della cuticola<\/li>\n<li><strong><a href=\"https:\/\/www.ildiariodellabellezza.it\/en\/ingredienti\/phantenol\/\">PANTENOLO<\/a> <\/strong><br \/>\npreviene la disidratazione e la fragilit\u00e0 dei capelli; inoltre, \u00e8 indicato per le propriet\u00e0 emollienti e condizionanti della cheratina dei capelli<\/li>\n<\/ul>\n<p><\/div><\/div><\/div>\n[\/vc_column_text][\/vc_tta_section][\/vc_tta_tabs][vc_separator][\/vc_column][\/vc_row][vc_row css_animation=&#8221;right-to-left&#8221; css=&#8221;.vc_custom_1523635312104{margin-bottom: -25px !important;}&#8221;][vc_column css_animation=&#8221;bounceInLeft&#8221; width=&#8221;1\/2&#8243; css=&#8221;.vc_custom_1523683275222{margin-bottom: -20px !important;}&#8221;]<div class=\"promo_box no_border\"><div class=\"promo_box_wrapper promo_box_left\"><div class=\"photo_wrapper\"><img loading=\"lazy\" decoding=\"async\" class=\"scale-with-grid\" src=\"https:\/\/www.ildiariodellabellezza.it\/wp-content\/uploads\/viso-min.jpg\" alt=\"viso-min\" width=\"981\" height=\"759\"\/><\/div><div class=\"desc_wrapper\"><div class=\"desc\">Scopri BIOS, la rivista ESTEREL dedicata alla Cura della Bellezza.<\/div><a href=\"\/bios\/\" class=\"button button_theme has-icon\"  title=\"\"><span class=\"button_icon\"><i class=\"icon-layout\" aria-hidden=\"true\"><\/i><\/span><span class=\"button_label\">BIOS<\/span><\/a><\/div><\/div><\/div>\n[\/vc_column][vc_column css_animation=&#8221;bounceInRight&#8221; width=&#8221;1\/2&#8243; css=&#8221;.vc_custom_1523683284830{margin-bottom: -20px !important;}&#8221;]<div class=\"promo_box no_border\"><div class=\"promo_box_wrapper promo_box_left\"><div class=\"photo_wrapper\"><img loading=\"lazy\" decoding=\"async\" class=\"scale-with-grid\" src=\"https:\/\/www.ildiariodellabellezza.it\/wp-content\/uploads\/steli-news-min.jpg\" alt=\"steli-news-min\" width=\"980\" height=\"760\"\/><\/div><div class=\"desc_wrapper\"><div class=\"desc\">Cosmetici di alta qualit\u00e0 e trattamenti di bellezza.<\/div><a href=\"https:\/\/www.youtube.com\/channel\/UCsVtH3HSdO5MaGPHO4Ht3hA\" class=\"button button_theme has-icon\" target=\"_blank\" title=\"\"><span class=\"button_icon\"><i class=\"icon-layout\" aria-hidden=\"true\"><\/i><\/span><span class=\"button_label\">YOU TUBE<\/span><\/a><\/div><\/div><\/div>\n[\/vc_column][\/vc_row][vc_row][vc_column][vc_separator][\/vc_column][\/vc_row][vc_row css_animation=&#8221;zoomIn&#8221;][vc_column][vc_column_text css=&#8221;.vc_custom_1520263832912{margin-top: -10px !important;margin-bottom: 20px !important;}&#8221;]<\/p>\n<h3>PRODOTTI<\/h3>\n<p>[\/vc_column_text][\/vc_column][\/vc_row][vc_row css=&#8221;.vc_custom_1522780921384{margin-bottom: -35px !important;}&#8221;][vc_column css_animation=&#8221;fadeIn&#8221; css=&#8221;.vc_custom_1522780912150{margin-bottom: -35px !important;}&#8221;]<div class=\"woocommerce columns-4 \">\n<div class=\"products_wrapper mfn-woo-products isotope_wrapper default-woo-loop lm_wrapper\">\n\t<ul class=\"products  \">\n<li class=\"isotope-item align-center product type-product post-4245 status-publish first instock product_cat-curly-and-frizzy-hair product_cat-dyed-hair product_cat-hard-hair-cuoio-capelluto-secco-disidratato-intossicato-restructure-phyto-vital product_cat-hard-hair-secchi-e-aridi-restructure-phyto-vital product_cat-hard-hair-senza-tono-e-struttura-restructure-phyto-vital product_cat-hard-hair-restructure-phyto-vital product_cat-split-ends product_cat-thin-and-fragile-hair-soin-hydratant has-post-thumbnail shipping-taxable product-type-simple\" >\n\n\t<div class=\"mfn-li-product-row mfn-li-product-row-image\"><div class=\"image_frame scale-with-grid product-loop-thumb\"><div class=\"image_wrapper \"><a href=\"https:\/\/www.ildiariodellabellezza.it\/en\/product\/argan-elixir\/\" aria-label=\"ARGAN ELIXIR +\" tabindex=\"-1\"><div class=\"mask\"><\/div><img loading=\"lazy\" decoding=\"async\" width=\"800\" height=\"800\" src=\"https:\/\/www.ildiariodellabellezza.it\/wp-content\/uploads\/olio-argan-elixir-1-800x800.jpg\" class=\"attachment-woocommerce_thumbnail size-woocommerce_thumbnail\" alt=\"Argan Elixir +\" srcset=\"https:\/\/www.ildiariodellabellezza.it\/wp-content\/uploads\/olio-argan-elixir-1-800x800.jpg 800w, https:\/\/www.ildiariodellabellezza.it\/wp-content\/uploads\/olio-argan-elixir-1-85x85.jpg 85w, https:\/\/www.ildiariodellabellezza.it\/wp-content\/uploads\/olio-argan-elixir-1-80x80.jpg 80w, https:\/\/www.ildiariodellabellezza.it\/wp-content\/uploads\/olio-argan-elixir-1-300x300.jpg 300w\" sizes=\"auto, (max-width:767px) 700px, (max-width:800px) 100vw, 800px\" \/><\/a><div class=\"image_links\"><a class=\"link\" tabindex=\"-1\" href=\"https:\/\/www.ildiariodellabellezza.it\/en\/product\/argan-elixir\/\"><svg viewBox=\"0 0 26 26\"><defs><style>.path{fill:none;stroke:#333;stroke-miterlimit:10;stroke-width:1.5px;}<\/style><\/defs><g><path d=\"M10.17,8.76l2.12-2.12a5,5,0,0,1,7.07,0h0a5,5,0,0,1,0,7.07l-2.12,2.12\" class=\"path\"\/><path d=\"M15.83,17.24l-2.12,2.12a5,5,0,0,1-7.07,0h0a5,5,0,0,1,0-7.07l2.12-2.12\" class=\"path\"\/><line x1=\"10.17\" y1=\"15.83\" x2=\"15.83\" y2=\"10.17\" class=\"path\"\/><\/g><\/svg><\/a><\/div><\/div><a href=\"https:\/\/www.ildiariodellabellezza.it\/en\/product\/argan-elixir\/\" aria-label=\"ARGAN ELIXIR +\" tabindex=\"-1\"><span class=\"product-loading-icon added-cart\"><\/span><\/a><\/div><\/div>\n\t<div class=\"desc\">\n\n\t\t\n\t\t<h4 class=\"mfn-woo-product-title\"><a href=\"https:\/\/www.ildiariodellabellezza.it\/en\/product\/argan-elixir\/\">ARGAN ELIXIR +<\/a><\/h4>\n\t\t\n<div class=\"mfn-li-product-row mfn-li-product-row-button hide-button\"><\/div>\n\t<\/div>\n\n<\/li>\n<li class=\"isotope-item align-center product type-product post-3745 status-publish instock product_cat-curly-and-frizzy-hair product_cat-curly-and-frizzy-special-effect-forme-cheveux product_cat-hard-hair-senza-tono-e-struttura-restructure-phyto-vital product_cat-beaute-absolue-en product_cat-split-ends has-post-thumbnail shipping-taxable product-type-simple\" >\n\n\t<div class=\"mfn-li-product-row mfn-li-product-row-image\"><div class=\"image_frame scale-with-grid product-loop-thumb\"><div class=\"image_wrapper \"><a href=\"https:\/\/www.ildiariodellabellezza.it\/en\/product\/phyto-mineralisante\/\" aria-label=\"PHYTO MIN\u00c9RALISANTE\" tabindex=\"-1\"><div class=\"mask\"><\/div><img loading=\"lazy\" decoding=\"async\" width=\"800\" height=\"800\" src=\"https:\/\/www.ildiariodellabellezza.it\/wp-content\/uploads\/lozione-capelli-idratante-900x900.jpg\" class=\"attachment-woocommerce_thumbnail size-woocommerce_thumbnail\" alt=\"PHYTO MIN\u00c9RALISANTE\" srcset=\"https:\/\/www.ildiariodellabellezza.it\/wp-content\/uploads\/lozione-capelli-idratante-900x900.jpg 900w, https:\/\/www.ildiariodellabellezza.it\/wp-content\/uploads\/lozione-capelli-idratante-450x450.jpg 450w, https:\/\/www.ildiariodellabellezza.it\/wp-content\/uploads\/lozione-capelli-idratante-300x300.jpg 300w, https:\/\/www.ildiariodellabellezza.it\/wp-content\/uploads\/lozione-capelli-idratante.jpg 1100w\" sizes=\"auto, (max-width:767px) 700px, (max-width:800px) 100vw, 800px\" \/><\/a><div class=\"image_links\"><a class=\"link\" tabindex=\"-1\" href=\"https:\/\/www.ildiariodellabellezza.it\/en\/product\/phyto-mineralisante\/\"><svg viewBox=\"0 0 26 26\"><defs><style>.path{fill:none;stroke:#333;stroke-miterlimit:10;stroke-width:1.5px;}<\/style><\/defs><g><path d=\"M10.17,8.76l2.12-2.12a5,5,0,0,1,7.07,0h0a5,5,0,0,1,0,7.07l-2.12,2.12\" class=\"path\"\/><path d=\"M15.83,17.24l-2.12,2.12a5,5,0,0,1-7.07,0h0a5,5,0,0,1,0-7.07l2.12-2.12\" class=\"path\"\/><line x1=\"10.17\" y1=\"15.83\" x2=\"15.83\" y2=\"10.17\" class=\"path\"\/><\/g><\/svg><\/a><\/div><\/div><a href=\"https:\/\/www.ildiariodellabellezza.it\/en\/product\/phyto-mineralisante\/\" aria-label=\"PHYTO MIN\u00c9RALISANTE\" tabindex=\"-1\"><span class=\"product-loading-icon added-cart\"><\/span><\/a><\/div><\/div>\n\t<div class=\"desc\">\n\n\t\t\n\t\t<h4 class=\"mfn-woo-product-title\"><a href=\"https:\/\/www.ildiariodellabellezza.it\/en\/product\/phyto-mineralisante\/\">PHYTO MIN\u00c9RALISANTE<\/a><\/h4>\n\t\t\n<div class=\"mfn-li-product-row mfn-li-product-row-button hide-button\"><\/div>\n\t<\/div>\n\n<\/li>\n<li class=\"isotope-item align-center product type-product post-4309 status-publish instock product_cat-split-ends has-post-thumbnail shipping-taxable product-type-simple\" >\n\n\t<div class=\"mfn-li-product-row mfn-li-product-row-image\"><div class=\"image_frame scale-with-grid product-loop-thumb\"><div class=\"image_wrapper \"><a href=\"https:\/\/www.ildiariodellabellezza.it\/en\/product\/repare-pointes\/\" aria-label=\"R\u00e9pare Pointes\" tabindex=\"-1\"><div class=\"mask\"><\/div><img loading=\"lazy\" decoding=\"async\" width=\"800\" height=\"800\" src=\"https:\/\/www.ildiariodellabellezza.it\/wp-content\/uploads\/repare-pointes-1-900x900.jpg\" class=\"attachment-woocommerce_thumbnail size-woocommerce_thumbnail\" alt=\"R\u00e9pare Pointes\" srcset=\"https:\/\/www.ildiariodellabellezza.it\/wp-content\/uploads\/repare-pointes-1-900x900.jpg 900w, https:\/\/www.ildiariodellabellezza.it\/wp-content\/uploads\/repare-pointes-1-300x300.jpg 300w, https:\/\/www.ildiariodellabellezza.it\/wp-content\/uploads\/repare-pointes-1-450x450.jpg 450w, https:\/\/www.ildiariodellabellezza.it\/wp-content\/uploads\/repare-pointes-1-768x768.jpg 768w, https:\/\/www.ildiariodellabellezza.it\/wp-content\/uploads\/repare-pointes-1-1024x1024.jpg 1024w, https:\/\/www.ildiariodellabellezza.it\/wp-content\/uploads\/repare-pointes-1-146x146.jpg 146w, https:\/\/www.ildiariodellabellezza.it\/wp-content\/uploads\/repare-pointes-1-50x50.jpg 50w, https:\/\/www.ildiariodellabellezza.it\/wp-content\/uploads\/repare-pointes-1-75x75.jpg 75w, https:\/\/www.ildiariodellabellezza.it\/wp-content\/uploads\/repare-pointes-1-85x85.jpg 85w, https:\/\/www.ildiariodellabellezza.it\/wp-content\/uploads\/repare-pointes-1-80x80.jpg 80w, https:\/\/www.ildiariodellabellezza.it\/wp-content\/uploads\/repare-pointes-1.jpg 1100w\" sizes=\"auto, (max-width:767px) 700px, (max-width:800px) 100vw, 800px\" \/><\/a><div class=\"image_links\"><a class=\"link\" tabindex=\"-1\" href=\"https:\/\/www.ildiariodellabellezza.it\/en\/product\/repare-pointes\/\"><svg viewBox=\"0 0 26 26\"><defs><style>.path{fill:none;stroke:#333;stroke-miterlimit:10;stroke-width:1.5px;}<\/style><\/defs><g><path d=\"M10.17,8.76l2.12-2.12a5,5,0,0,1,7.07,0h0a5,5,0,0,1,0,7.07l-2.12,2.12\" class=\"path\"\/><path d=\"M15.83,17.24l-2.12,2.12a5,5,0,0,1-7.07,0h0a5,5,0,0,1,0-7.07l2.12-2.12\" class=\"path\"\/><line x1=\"10.17\" y1=\"15.83\" x2=\"15.83\" y2=\"10.17\" class=\"path\"\/><\/g><\/svg><\/a><\/div><\/div><a href=\"https:\/\/www.ildiariodellabellezza.it\/en\/product\/repare-pointes\/\" aria-label=\"R\u00e9pare Pointes\" tabindex=\"-1\"><span class=\"product-loading-icon added-cart\"><\/span><\/a><\/div><\/div>\n\t<div class=\"desc\">\n\n\t\t\n\t\t<h4 class=\"mfn-woo-product-title\"><a href=\"https:\/\/www.ildiariodellabellezza.it\/en\/product\/repare-pointes\/\">R\u00e9pare Pointes<\/a><\/h4>\n\t\t\n<div class=\"mfn-li-product-row mfn-li-product-row-button hide-button\"><\/div>\n\t<\/div>\n\n<\/li>\n<li class=\"isotope-item align-center product type-product post-4315 status-publish last instock product_cat-split-ends has-post-thumbnail shipping-taxable product-type-simple\" >\n\n\t<div class=\"mfn-li-product-row mfn-li-product-row-image\"><div class=\"image_frame scale-with-grid product-loop-thumb\"><div class=\"image_wrapper \"><a href=\"https:\/\/www.ildiariodellabellezza.it\/en\/product\/repare-pointes-mask\/\" aria-label=\"R\u00e9pare Pointes\" tabindex=\"-1\"><div class=\"mask\"><\/div><img loading=\"lazy\" decoding=\"async\" width=\"800\" height=\"800\" src=\"https:\/\/www.ildiariodellabellezza.it\/wp-content\/uploads\/repare-pointes-900x900.jpg\" class=\"attachment-woocommerce_thumbnail size-woocommerce_thumbnail\" alt=\"R\u00e9pare Pointes\" srcset=\"https:\/\/www.ildiariodellabellezza.it\/wp-content\/uploads\/repare-pointes-900x900.jpg 900w, https:\/\/www.ildiariodellabellezza.it\/wp-content\/uploads\/repare-pointes-300x300.jpg 300w, https:\/\/www.ildiariodellabellezza.it\/wp-content\/uploads\/repare-pointes-450x450.jpg 450w, https:\/\/www.ildiariodellabellezza.it\/wp-content\/uploads\/repare-pointes-768x768.jpg 768w, https:\/\/www.ildiariodellabellezza.it\/wp-content\/uploads\/repare-pointes-1024x1024.jpg 1024w, https:\/\/www.ildiariodellabellezza.it\/wp-content\/uploads\/repare-pointes-146x146.jpg 146w, https:\/\/www.ildiariodellabellezza.it\/wp-content\/uploads\/repare-pointes-50x50.jpg 50w, https:\/\/www.ildiariodellabellezza.it\/wp-content\/uploads\/repare-pointes-75x75.jpg 75w, https:\/\/www.ildiariodellabellezza.it\/wp-content\/uploads\/repare-pointes-85x85.jpg 85w, https:\/\/www.ildiariodellabellezza.it\/wp-content\/uploads\/repare-pointes-80x80.jpg 80w, https:\/\/www.ildiariodellabellezza.it\/wp-content\/uploads\/repare-pointes.jpg 1100w\" sizes=\"auto, (max-width:767px) 700px, (max-width:800px) 100vw, 800px\" \/><\/a><div class=\"image_links\"><a class=\"link\" tabindex=\"-1\" href=\"https:\/\/www.ildiariodellabellezza.it\/en\/product\/repare-pointes-mask\/\"><svg viewBox=\"0 0 26 26\"><defs><style>.path{fill:none;stroke:#333;stroke-miterlimit:10;stroke-width:1.5px;}<\/style><\/defs><g><path d=\"M10.17,8.76l2.12-2.12a5,5,0,0,1,7.07,0h0a5,5,0,0,1,0,7.07l-2.12,2.12\" class=\"path\"\/><path d=\"M15.83,17.24l-2.12,2.12a5,5,0,0,1-7.07,0h0a5,5,0,0,1,0-7.07l2.12-2.12\" class=\"path\"\/><line x1=\"10.17\" y1=\"15.83\" x2=\"15.83\" y2=\"10.17\" class=\"path\"\/><\/g><\/svg><\/a><\/div><\/div><a href=\"https:\/\/www.ildiariodellabellezza.it\/en\/product\/repare-pointes-mask\/\" aria-label=\"R\u00e9pare Pointes\" tabindex=\"-1\"><span class=\"product-loading-icon added-cart\"><\/span><\/a><\/div><\/div>\n\t<div class=\"desc\">\n\n\t\t\n\t\t<h4 class=\"mfn-woo-product-title\"><a href=\"https:\/\/www.ildiariodellabellezza.it\/en\/product\/repare-pointes-mask\/\">R\u00e9pare Pointes<\/a><\/h4>\n\t\t\n<div class=\"mfn-li-product-row mfn-li-product-row-button hide-button\"><\/div>\n\t<\/div>\n\n<\/li>\n\n\t<\/ul>\n<\/div><\/div>[\/vc_column][\/vc_row]<\/p>\n<\/div>","protected":false},"excerpt":{"rendered":"<p>[vc_row][vc_column css_animation=&#8221;fadeIn&#8221;][vc_column_text] Bye, bye Split Ends Trust the HAIR EXPERTS Split Ends affect weak and<span class=\"excerpt-hellip\"> [\u2026]<\/span><\/p>\n","protected":false},"author":1,"featured_media":0,"parent":0,"menu_order":0,"comment_status":"closed","ping_status":"closed","template":"","meta":{"footnotes":""},"class_list":["post-4325","page","type-page","status-publish","hentry"],"_links":{"self":[{"href":"https:\/\/www.ildiariodellabellezza.it\/en\/wp-json\/wp\/v2\/pages\/4325","targetHints":{"allow":["GET"]}}],"collection":[{"href":"https:\/\/www.ildiariodellabellezza.it\/en\/wp-json\/wp\/v2\/pages"}],"about":[{"href":"https:\/\/www.ildiariodellabellezza.it\/en\/wp-json\/wp\/v2\/types\/page"}],"author":[{"embeddable":true,"href":"https:\/\/www.ildiariodellabellezza.it\/en\/wp-json\/wp\/v2\/users\/1"}],"replies":[{"embeddable":true,"href":"https:\/\/www.ildiariodellabellezza.it\/en\/wp-json\/wp\/v2\/comments?post=4325"}],"version-history":[{"count":13,"href":"https:\/\/www.ildiariodellabellezza.it\/en\/wp-json\/wp\/v2\/pages\/4325\/revisions"}],"predecessor-version":[{"id":10783,"href":"https:\/\/www.ildiariodellabellezza.it\/en\/wp-json\/wp\/v2\/pages\/4325\/revisions\/10783"}],"wp:attachment":[{"href":"https:\/\/www.ildiariodellabellezza.it\/en\/wp-json\/wp\/v2\/media?parent=4325"}],"curies":[{"name":"wp","href":"https:\/\/api.w.org\/{rel}","templated":true}]}}