{"id":5845,"date":"2018-06-28T00:55:19","date_gmt":"2018-06-28T00:55:19","guid":{"rendered":"https:\/\/www.ildiariodellabellezza.it\/golden-age\/"},"modified":"2021-07-28T08:38:56","modified_gmt":"2021-07-28T08:38:56","slug":"golden-age","status":"publish","type":"page","link":"https:\/\/www.ildiariodellabellezza.it\/en\/golden-age\/","title":{"rendered":"GOLDEN AGE"},"content":{"rendered":"<div class=\"wpb-content-wrapper\"><p>[vc_row][vc_column css_animation=&#8221;fadeIn&#8221;][vc_column_text css_animation=&#8221;fadeIn&#8221;]<strong>EST\u0112REL<\/strong> offers the newest and effective line<strong> GOLDEN AGE <\/strong>for re-discovering <strong>youth<\/strong> and <strong>freshness<\/strong> on your face. Three exclusive cosmetics obtained from the most advanced Cosmetic Research.<!--more--><\/p>\n<p>The GOLDEN AGE Collection is pure <strong>Beauty<\/strong>, emphasized by refined natural ingredients and enhanced by its elegant design.[\/vc_column_text][\/vc_column][\/vc_row][vc_row][vc_column css_animation=&#8221;fadeInDown&#8221; css=&#8221;.vc_custom_1522778759604{margin-top: -20px !important;margin-bottom: -15px !important;}&#8221;][vc_separator][vc_column_text css=&#8221;.vc_custom_1627460338978{margin-top: -20px !important;}&#8221;]The <strong>GOLDEN AGE <\/strong>Ritual:<\/p>\n<ul>\n<li>relaxes the face features, moisturizes and softens small imperfections, bags under the eyes and dark circles for new brightness and beauty;<\/li>\n<li>its action is highly effective in case of wrinkles and toneless skin too.<\/li>\n<\/ul>\n<p>[\/vc_column_text][\/vc_column][\/vc_row][vc_row css=&#8221;.vc_custom_1523635209026{margin-bottom: -15px !important;}&#8221;][vc_column][vc_tta_accordion style=&#8221;flat&#8221; color=&#8221;chino&#8221; c_icon=&#8221;chevron&#8221; active_section=&#8221;&#8221; css_animation=&#8221;fadeInUpBig&#8221; no_fill=&#8221;true&#8221; collapsible_all=&#8221;true&#8221; css=&#8221;.vc_custom_1530147003838{background-color: #ffffff !important;}&#8221;][vc_tta_section i_icon_fontawesome=&#8221;&#8221; add_icon=&#8221;true&#8221; title=&#8221;1) CABINE PERFORMANCE&#8221; tab_id=&#8221;1519789565568-4a96111d-9520&#8243;][vc_column_text css_animation=&#8221;none&#8221;]<strong>1) <\/strong><strong>COSMETICS: <\/strong><strong>HYDROLAIT NETTOYANT +, MASQUE PEELING +, VISAGE EXTRA-TONIQUE +<\/strong><\/p>\n<p style=\"padding-left: 30px;\"><strong>Timing<\/strong>: 15 min.<\/p>\n<ul>\n<li>Clean face, neck and d\u00e9collet\u00e9 with <strong>HYDROLAIT NETTOYANT + EST\u0112REL<\/strong>. Massage delicately; then remove the residual product with tepid water.<\/li>\n<li>Apply 10 ml <strong>MASQUE PEELING + EST\u0112REL <\/strong>on face, neck and d\u00e9collet\u00e9, keeping safe the eye contour. Leave in action for 10 minutes; then rinse.<\/li>\n<li>Spray the tonic lotion <strong>VISAGE EXTRA-Tonique + EST\u0112REL.<\/strong><\/li>\n<\/ul>\n<hr class=\" hr_color\" style=\"margin:0 auto 30px;\"\/>\n\n<p><strong>2) COSMETICS: <\/strong><strong>GOLDEN FILLER<\/strong><\/p>\n<p style=\"padding-left: 30px;\"><strong>Timing:<\/strong> 2 min.<\/p>\n<ul>\n<li>Distribuite delicately 3-5 drops <strong>GOLDEN FILLER EST\u0112REL<\/strong> on\u00a0 eye contour, eyelids and lips, let absorb with a delicate massage.<\/li>\n<\/ul>\n<hr class=\" hr_color\" style=\"margin:0 auto 30px;\"\/>\n\n<p><strong>3) COSMETICS: <\/strong><strong>GOLDEN CREAM<\/strong><\/p>\n<p style=\"padding-left: 30px;\"><strong>Timing: <\/strong>2 min.<\/p>\n<ul>\n<li>Apply <strong>GOLDEN CREAM EST\u0112REL <\/strong>on clean and tonified skin, morning and evening with delicate massages from face to d\u00e9collet\u00e9.<\/li>\n<\/ul>\n<p>[\/vc_column_text][\/vc_tta_section][vc_tta_section i_icon_fontawesome=&#8221;&#8221; add_icon=&#8221;true&#8221; title=&#8221;2) TREATMENT PROSECUTION AT HOME&#8221; tab_id=&#8221;1519789565590-d2495e0b-e982&#8243;][vc_column_text]<strong>COSMETICS: <\/strong><strong>HYDROLAIT NETTOYANT +, VISAGE EXTRA-TONIQUE +, GOLDEN CREAM<\/strong><\/p>\n<ul>\n<li>Morning and evening:\n<ul>\n<li><strong>HYDROLAIT NETTOYANT + EST\u0112REL<\/strong><\/li>\n<li>tonic <strong>VISAGE EXTRA-TONIQUE + EST\u0112REL<\/strong><\/li>\n<li>cream <strong>GOLDEN CREAM EST\u0112REL.<\/strong><\/li>\n<\/ul>\n<\/li>\n<li>In case of evident wrinkles we recommend to use\u00a0 <strong>GOLDEN FILLER EST\u0112REL.<\/strong><\/li>\n<\/ul>\n<p>[\/vc_column_text][\/vc_tta_section][\/vc_tta_accordion][vc_separator style=&#8221;dotted&#8221;][vc_tta_tabs color=&#8221;chino&#8221; active_section=&#8221;1&#8243; css_animation=&#8221;bounceInUp&#8221;][vc_tta_section i_icon_fontawesome=&#8221;&#8221; add_icon=&#8221;true&#8221; title=&#8221;GOLDEN AGE RITUAL includes&#8221; tab_id=&#8221;1526287043452-e06dbd6a-5176&#8243;][vc_column_text]<\/p>\n<ul>\n<li><strong>G<\/strong><strong>OLDEN <\/strong><strong>C<\/strong><strong>REAM<\/strong><br \/>\nJAR 50 ml<\/li>\n<li><strong>G<\/strong><strong>OLDEN <\/strong><strong>F<\/strong><strong>ILLER<\/strong><br \/>\nBOTTLE 30 ml<\/li>\n<li><strong>HYDROLAIT NETTOYANT +<br \/>\n<\/strong>BOTTLE 250 ml<\/li>\n<li><strong>VISAGE EXTRA-TONIQUE +<br \/>\n<\/strong>BOTTLE 1000 \/ 260 ml<\/li>\n<li><strong>MASQUE PEELING +<br \/>\n<\/strong>BOTTLE 250 ml<\/li>\n<\/ul>\n<p>[\/vc_column_text][\/vc_tta_section][vc_tta_section i_icon_fontawesome=&#8221;&#8221; add_icon=&#8221;true&#8221; title=&#8221;ACTIVE INGREDIENTS&#8221; tab_id=&#8221;1526287043408-6cd3acd0-e19c&#8221;][vc_column_text]<div class=\"list_item lists_1 clearfix\"><div class=\"list_left list_icon\"><i class=\"icon-leaf\" aria-hidden=\"true\"><\/i><\/div><div class=\"list_right\"><div class=\"desc\"><\/p>\n<ul>\n<li><a href=\"https:\/\/www.ildiariodellabellezza.it\/en\/ingredienti\/ialuronic-acid\/\"><strong>MICROSFERE di ACIDO IALURONICO<\/strong><\/a><br \/>\nmoisturizing, lifting<\/li>\n<li><a href=\"https:\/\/www.ildiariodellabellezza.it\/en\/ingredienti\/olio-di-rosa-mosqueta\/\"><strong>OLIO di SEMI di ROSA MOSQUETA<\/strong><\/a><br \/>\ncells rigeneranting, anti-oxidating<\/li>\n<li><a href=\"https:\/\/www.ildiariodellabellezza.it\/en\/ingredienti\/coenzyme-q10\/\"><strong>COENZIMA Q10<\/strong><\/a><br \/>\nanti-oxidating, anti-free-radicals<\/li>\n<li><strong><a href=\"https:\/\/www.ildiariodellabellezza.it\/en\/ingredienti\/borojo-montmorillonite\/\">COMPLESSO MULTIFUNZIONALE (Polpa di Borojo, Montmorillonite)<\/a><br \/>\n<\/strong>anti-aging, stimulating, tonifying<\/li>\n<li><strong><a href=\"https:\/\/www.ildiariodellabellezza.it\/en\/ingredienti\/florasomi-di-olio-di-jojoba-con-vitamina-e\/\">FLORASOMI di OLIO di JOJOBA contenenti VITAMINA E<\/a><br \/>\n<\/strong>moisturizing, nourishing and protecting<\/li>\n<li><a href=\"https:\/\/www.ildiariodellabellezza.it\/en\/ingredienti\/micro-collagen\/\"><strong>MICRO-COLLAGENE<\/strong><\/a><br \/>\nstimulating, anti-aging<\/li>\n<li><a href=\"https:\/\/www.ildiariodellabellezza.it\/en\/ingredienti\/hydrolyzed-protein-wheat\/\"><strong>TENSORE naturale da PROTEINE di GRANO<\/strong><\/a><br \/>\nanti-wrinkles, relaxing and filming<\/div><\/div><\/div>\n<\/li>\n<\/ul>\n<p>[\/vc_column_text][\/vc_tta_section][\/vc_tta_tabs][vc_separator][\/vc_column][\/vc_row][vc_row css_animation=&#8221;right-to-left&#8221; css=&#8221;.vc_custom_1523635312104{margin-bottom: -25px !important;}&#8221;][vc_column css_animation=&#8221;bounceInLeft&#8221; width=&#8221;1\/2&#8243; css=&#8221;.vc_custom_1523683275222{margin-bottom: -20px !important;}&#8221;]<div class=\"promo_box no_border\"><div class=\"promo_box_wrapper promo_box_left\"><div class=\"photo_wrapper\"><img loading=\"lazy\" decoding=\"async\" class=\"scale-with-grid\" src=\"https:\/\/www.ildiariodellabellezza.it\/wp-content\/uploads\/golden-age-min.jpg\" alt=\"golden-age-min\" width=\"600\" height=\"849\"\/><\/div><div class=\"desc_wrapper\"><div class=\"desc\">Numero speciale di BIOS dedicato alla conoscenza ed all\u2019approfondimento della linea GOLDEN AGE. <\/div><a href=\"\/wp-content\/uploads\/PUB0321-Bios-n.\u00b0-03-gennaio-2018-Linea-Golden-Age_per-sito.pdf\" class=\"button button_theme has-icon\"  title=\"\"><span class=\"button_icon\"><i class=\"icon-layout\" aria-hidden=\"true\"><\/i><\/span><span class=\"button_label\">BROCHURE<\/span><\/a><\/div><\/div><\/div>\n[\/vc_column][vc_column css_animation=&#8221;bounceInRight&#8221; width=&#8221;1\/2&#8243; css=&#8221;.vc_custom_1523683284830{margin-bottom: -20px !important;}&#8221;]<div class=\"promo_box no_border\"><div class=\"promo_box_wrapper promo_box_left\"><div class=\"photo_wrapper\"><img loading=\"lazy\" decoding=\"async\" class=\"scale-with-grid\" src=\"https:\/\/www.ildiariodellabellezza.it\/wp-content\/uploads\/salone-2.jpg\" alt=\"salone-2\" width=\"978\" height=\"760\"\/><\/div><div class=\"desc_wrapper\"><div class=\"desc\">Prodotti Bellezza Viso. I Rituali di Bellezza Est\u00e9rel per accarezzare il viso.<\/div><a href=\"https:\/\/www.youtube.com\/watch?v=9_ISQLhob3g\" class=\"button button_theme has-icon\" target=\"_blank\" title=\"\"><span class=\"button_icon\"><i class=\"icon-layout\" aria-hidden=\"true\"><\/i><\/span><span class=\"button_label\">YOU TUBE<\/span><\/a><\/div><\/div><\/div>\n[\/vc_column][\/vc_row][vc_row][vc_column][vc_separator][\/vc_column][\/vc_row][vc_row css_animation=&#8221;zoomIn&#8221;][vc_column][vc_column_text css=&#8221;.vc_custom_1520263832912{margin-top: -10px !important;margin-bottom: 20px !important;}&#8221;]<\/p>\n<h3>PRODOTTI<\/h3>\n<p>[\/vc_column_text][\/vc_column][\/vc_row][vc_row css=&#8221;.vc_custom_1522780921384{margin-bottom: -35px !important;}&#8221;][vc_column css_animation=&#8221;fadeIn&#8221; css=&#8221;.vc_custom_1522780912150{margin-bottom: -35px !important;}&#8221;]<div class=\"woocommerce columns-4 \">\n<div class=\"products_wrapper mfn-woo-products isotope_wrapper default-woo-loop lm_wrapper\">\n\t<ul class=\"products  \">\n<li class=\"isotope-item align-center product type-product post-5818 status-publish first instock product_cat-anti-aging-skin-golden-age product_cat-anti-aging-skin-phyto-lifting has-post-thumbnail shipping-taxable product-type-simple\" >\n\n\t<div class=\"mfn-li-product-row mfn-li-product-row-image\"><div class=\"image_frame scale-with-grid product-loop-thumb\"><div class=\"image_wrapper \"><a href=\"https:\/\/www.ildiariodellabellezza.it\/en\/product\/golden-cream\/\" aria-label=\"GOLDEN CREAM\" tabindex=\"-1\"><div class=\"mask\"><\/div><img loading=\"lazy\" decoding=\"async\" width=\"800\" height=\"800\" src=\"https:\/\/www.ildiariodellabellezza.it\/wp-content\/uploads\/crema-rimpolpante-antieta-900x900.jpg\" class=\"attachment-woocommerce_thumbnail size-woocommerce_thumbnail\" alt=\"GOLDEN CREAM\" srcset=\"https:\/\/www.ildiariodellabellezza.it\/wp-content\/uploads\/crema-rimpolpante-antieta-900x900.jpg 900w, https:\/\/www.ildiariodellabellezza.it\/wp-content\/uploads\/crema-rimpolpante-antieta-300x300.jpg 300w, https:\/\/www.ildiariodellabellezza.it\/wp-content\/uploads\/crema-rimpolpante-antieta-450x450.jpg 450w, https:\/\/www.ildiariodellabellezza.it\/wp-content\/uploads\/crema-rimpolpante-antieta-768x768.jpg 768w, https:\/\/www.ildiariodellabellezza.it\/wp-content\/uploads\/crema-rimpolpante-antieta-1024x1024.jpg 1024w, https:\/\/www.ildiariodellabellezza.it\/wp-content\/uploads\/crema-rimpolpante-antieta-146x146.jpg 146w, https:\/\/www.ildiariodellabellezza.it\/wp-content\/uploads\/crema-rimpolpante-antieta-50x50.jpg 50w, https:\/\/www.ildiariodellabellezza.it\/wp-content\/uploads\/crema-rimpolpante-antieta-75x75.jpg 75w, https:\/\/www.ildiariodellabellezza.it\/wp-content\/uploads\/crema-rimpolpante-antieta-85x85.jpg 85w, https:\/\/www.ildiariodellabellezza.it\/wp-content\/uploads\/crema-rimpolpante-antieta-80x80.jpg 80w, https:\/\/www.ildiariodellabellezza.it\/wp-content\/uploads\/crema-rimpolpante-antieta.jpg 1100w\" sizes=\"auto, (max-width:767px) 700px, (max-width:800px) 100vw, 800px\" \/><\/a><div class=\"image_links\"><a class=\"link\" tabindex=\"-1\" href=\"https:\/\/www.ildiariodellabellezza.it\/en\/product\/golden-cream\/\"><svg viewBox=\"0 0 26 26\"><defs><style>.path{fill:none;stroke:#333;stroke-miterlimit:10;stroke-width:1.5px;}<\/style><\/defs><g><path d=\"M10.17,8.76l2.12-2.12a5,5,0,0,1,7.07,0h0a5,5,0,0,1,0,7.07l-2.12,2.12\" class=\"path\"\/><path d=\"M15.83,17.24l-2.12,2.12a5,5,0,0,1-7.07,0h0a5,5,0,0,1,0-7.07l2.12-2.12\" class=\"path\"\/><line x1=\"10.17\" y1=\"15.83\" x2=\"15.83\" y2=\"10.17\" class=\"path\"\/><\/g><\/svg><\/a><\/div><\/div><a href=\"https:\/\/www.ildiariodellabellezza.it\/en\/product\/golden-cream\/\" aria-label=\"GOLDEN CREAM\" tabindex=\"-1\"><span class=\"product-loading-icon added-cart\"><\/span><\/a><\/div><\/div>\n\t<div class=\"desc\">\n\n\t\t\n\t\t<h4 class=\"mfn-woo-product-title\"><a href=\"https:\/\/www.ildiariodellabellezza.it\/en\/product\/golden-cream\/\">GOLDEN CREAM<\/a><\/h4>\n\t\t\n<div class=\"mfn-li-product-row mfn-li-product-row-button hide-button\"><\/div>\n\t<\/div>\n\n<\/li>\n<li class=\"isotope-item align-center product type-product post-5816 status-publish instock product_cat-anti-aging-skin-golden-age has-post-thumbnail shipping-taxable product-type-simple\" >\n\n\t<div class=\"mfn-li-product-row mfn-li-product-row-image\"><div class=\"image_frame scale-with-grid product-loop-thumb\"><div class=\"image_wrapper \"><a href=\"https:\/\/www.ildiariodellabellezza.it\/en\/product\/golden-filler\/\" aria-label=\"GOLDEN FILLER\" tabindex=\"-1\"><div class=\"mask\"><\/div><img loading=\"lazy\" decoding=\"async\" width=\"800\" height=\"800\" src=\"https:\/\/www.ildiariodellabellezza.it\/wp-content\/uploads\/siero-concentrato-vitalizzante-liftante-900x900.jpg\" class=\"attachment-woocommerce_thumbnail size-woocommerce_thumbnail\" alt=\"GOLDEN FILLER\" srcset=\"https:\/\/www.ildiariodellabellezza.it\/wp-content\/uploads\/siero-concentrato-vitalizzante-liftante-900x900.jpg 900w, https:\/\/www.ildiariodellabellezza.it\/wp-content\/uploads\/siero-concentrato-vitalizzante-liftante-300x300.jpg 300w, https:\/\/www.ildiariodellabellezza.it\/wp-content\/uploads\/siero-concentrato-vitalizzante-liftante-450x450.jpg 450w, https:\/\/www.ildiariodellabellezza.it\/wp-content\/uploads\/siero-concentrato-vitalizzante-liftante-768x768.jpg 768w, https:\/\/www.ildiariodellabellezza.it\/wp-content\/uploads\/siero-concentrato-vitalizzante-liftante-1024x1024.jpg 1024w, https:\/\/www.ildiariodellabellezza.it\/wp-content\/uploads\/siero-concentrato-vitalizzante-liftante-146x146.jpg 146w, https:\/\/www.ildiariodellabellezza.it\/wp-content\/uploads\/siero-concentrato-vitalizzante-liftante-50x50.jpg 50w, https:\/\/www.ildiariodellabellezza.it\/wp-content\/uploads\/siero-concentrato-vitalizzante-liftante-75x75.jpg 75w, https:\/\/www.ildiariodellabellezza.it\/wp-content\/uploads\/siero-concentrato-vitalizzante-liftante-85x85.jpg 85w, https:\/\/www.ildiariodellabellezza.it\/wp-content\/uploads\/siero-concentrato-vitalizzante-liftante-80x80.jpg 80w, https:\/\/www.ildiariodellabellezza.it\/wp-content\/uploads\/siero-concentrato-vitalizzante-liftante.jpg 1100w\" sizes=\"auto, (max-width:767px) 700px, (max-width:800px) 100vw, 800px\" \/><\/a><div class=\"image_links\"><a class=\"link\" tabindex=\"-1\" href=\"https:\/\/www.ildiariodellabellezza.it\/en\/product\/golden-filler\/\"><svg viewBox=\"0 0 26 26\"><defs><style>.path{fill:none;stroke:#333;stroke-miterlimit:10;stroke-width:1.5px;}<\/style><\/defs><g><path d=\"M10.17,8.76l2.12-2.12a5,5,0,0,1,7.07,0h0a5,5,0,0,1,0,7.07l-2.12,2.12\" class=\"path\"\/><path d=\"M15.83,17.24l-2.12,2.12a5,5,0,0,1-7.07,0h0a5,5,0,0,1,0-7.07l2.12-2.12\" class=\"path\"\/><line x1=\"10.17\" y1=\"15.83\" x2=\"15.83\" y2=\"10.17\" class=\"path\"\/><\/g><\/svg><\/a><\/div><\/div><a href=\"https:\/\/www.ildiariodellabellezza.it\/en\/product\/golden-filler\/\" aria-label=\"GOLDEN FILLER\" tabindex=\"-1\"><span class=\"product-loading-icon added-cart\"><\/span><\/a><\/div><\/div>\n\t<div class=\"desc\">\n\n\t\t\n\t\t<h4 class=\"mfn-woo-product-title\"><a href=\"https:\/\/www.ildiariodellabellezza.it\/en\/product\/golden-filler\/\">GOLDEN FILLER<\/a><\/h4>\n\t\t\n<div class=\"mfn-li-product-row mfn-li-product-row-button hide-button\"><\/div>\n\t<\/div>\n\n<\/li>\n<li class=\"isotope-item align-center product type-product post-5809 status-publish instock product_cat-anti-aging-skin-golden-age product_cat-anti-aging-skin-phyto-lifting has-post-thumbnail shipping-taxable product-type-simple\" >\n\n\t<div class=\"mfn-li-product-row mfn-li-product-row-image\"><div class=\"image_frame scale-with-grid product-loop-thumb\"><div class=\"image_wrapper \"><a href=\"https:\/\/www.ildiariodellabellezza.it\/en\/product\/hydrolait-nettoyant\/\" aria-label=\"HYDROLAIT NETTOYANT +\" tabindex=\"-1\"><div class=\"mask\"><\/div><img loading=\"lazy\" decoding=\"async\" width=\"800\" height=\"800\" src=\"https:\/\/www.ildiariodellabellezza.it\/wp-content\/uploads\/latte-detergente-anti-eta-pelli-mature-e-secche-900x900.jpg\" class=\"attachment-woocommerce_thumbnail size-woocommerce_thumbnail\" alt=\"HYDROLAIT NETTOYANT +\" srcset=\"https:\/\/www.ildiariodellabellezza.it\/wp-content\/uploads\/latte-detergente-anti-eta-pelli-mature-e-secche-900x900.jpg 900w, https:\/\/www.ildiariodellabellezza.it\/wp-content\/uploads\/latte-detergente-anti-eta-pelli-mature-e-secche-300x300.jpg 300w, https:\/\/www.ildiariodellabellezza.it\/wp-content\/uploads\/latte-detergente-anti-eta-pelli-mature-e-secche-450x450.jpg 450w, https:\/\/www.ildiariodellabellezza.it\/wp-content\/uploads\/latte-detergente-anti-eta-pelli-mature-e-secche-768x768.jpg 768w, https:\/\/www.ildiariodellabellezza.it\/wp-content\/uploads\/latte-detergente-anti-eta-pelli-mature-e-secche-1024x1024.jpg 1024w, https:\/\/www.ildiariodellabellezza.it\/wp-content\/uploads\/latte-detergente-anti-eta-pelli-mature-e-secche-146x146.jpg 146w, https:\/\/www.ildiariodellabellezza.it\/wp-content\/uploads\/latte-detergente-anti-eta-pelli-mature-e-secche-50x50.jpg 50w, https:\/\/www.ildiariodellabellezza.it\/wp-content\/uploads\/latte-detergente-anti-eta-pelli-mature-e-secche-75x75.jpg 75w, https:\/\/www.ildiariodellabellezza.it\/wp-content\/uploads\/latte-detergente-anti-eta-pelli-mature-e-secche-85x85.jpg 85w, https:\/\/www.ildiariodellabellezza.it\/wp-content\/uploads\/latte-detergente-anti-eta-pelli-mature-e-secche-80x80.jpg 80w, https:\/\/www.ildiariodellabellezza.it\/wp-content\/uploads\/latte-detergente-anti-eta-pelli-mature-e-secche.jpg 1100w\" sizes=\"auto, (max-width:767px) 700px, (max-width:800px) 100vw, 800px\" \/><\/a><div class=\"image_links\"><a class=\"link\" tabindex=\"-1\" href=\"https:\/\/www.ildiariodellabellezza.it\/en\/product\/hydrolait-nettoyant\/\"><svg viewBox=\"0 0 26 26\"><defs><style>.path{fill:none;stroke:#333;stroke-miterlimit:10;stroke-width:1.5px;}<\/style><\/defs><g><path d=\"M10.17,8.76l2.12-2.12a5,5,0,0,1,7.07,0h0a5,5,0,0,1,0,7.07l-2.12,2.12\" class=\"path\"\/><path d=\"M15.83,17.24l-2.12,2.12a5,5,0,0,1-7.07,0h0a5,5,0,0,1,0-7.07l2.12-2.12\" class=\"path\"\/><line x1=\"10.17\" y1=\"15.83\" x2=\"15.83\" y2=\"10.17\" class=\"path\"\/><\/g><\/svg><\/a><\/div><\/div><a href=\"https:\/\/www.ildiariodellabellezza.it\/en\/product\/hydrolait-nettoyant\/\" aria-label=\"HYDROLAIT NETTOYANT +\" tabindex=\"-1\"><span class=\"product-loading-icon added-cart\"><\/span><\/a><\/div><\/div>\n\t<div class=\"desc\">\n\n\t\t\n\t\t<h4 class=\"mfn-woo-product-title\"><a href=\"https:\/\/www.ildiariodellabellezza.it\/en\/product\/hydrolait-nettoyant\/\">HYDROLAIT NETTOYANT +<\/a><\/h4>\n\t\t\n<div class=\"mfn-li-product-row mfn-li-product-row-button hide-button\"><\/div>\n\t<\/div>\n\n<\/li>\n<li class=\"isotope-item align-center product type-product post-4660 status-publish last instock product_cat-anti-aging-skin-golden-age product_cat-anti-aging-skin-phyto-lifting product_cat-body-hygiene-treatment-hydra-tendre-gambe product_cat-body-hygiene-treatment-hydra-tendre-mani product_cat-dry-skin-hydra-evolution-pelle-disidratata product_cat-esfoliation-body-phyto-affinant product_cat-esfolyation-forfora-secca-o-grassa-seborrea-pseudoseborrea-phyto-affinant product_cat-esfoliazione-tutti-i-tipi-di-cuoio-capelluto-phyto-affinant-en product_cat-exfoliation-face-phyto-affinant product_cat-oily-skin-phyto-equilibrante has-post-thumbnail shipping-taxable product-type-simple\" >\n\n\t<div class=\"mfn-li-product-row mfn-li-product-row-image\"><div class=\"image_frame scale-with-grid product-loop-thumb\"><div class=\"image_wrapper \"><a href=\"https:\/\/www.ildiariodellabellezza.it\/en\/product\/masque-peeling\/\" aria-label=\"MASQUE PEELING +\" tabindex=\"-1\"><div class=\"mask\"><\/div><img loading=\"lazy\" decoding=\"async\" width=\"800\" height=\"800\" src=\"https:\/\/www.ildiariodellabellezza.it\/wp-content\/uploads\/masque-peeling-900x900.jpg\" class=\"attachment-woocommerce_thumbnail size-woocommerce_thumbnail\" alt=\"MASQUE PEELING +\" srcset=\"https:\/\/www.ildiariodellabellezza.it\/wp-content\/uploads\/masque-peeling-900x900.jpg 900w, https:\/\/www.ildiariodellabellezza.it\/wp-content\/uploads\/masque-peeling-300x300.jpg 300w, https:\/\/www.ildiariodellabellezza.it\/wp-content\/uploads\/masque-peeling-450x450.jpg 450w, https:\/\/www.ildiariodellabellezza.it\/wp-content\/uploads\/masque-peeling-768x768.jpg 768w, https:\/\/www.ildiariodellabellezza.it\/wp-content\/uploads\/masque-peeling-1024x1024.jpg 1024w, https:\/\/www.ildiariodellabellezza.it\/wp-content\/uploads\/masque-peeling-146x146.jpg 146w, https:\/\/www.ildiariodellabellezza.it\/wp-content\/uploads\/masque-peeling-50x50.jpg 50w, https:\/\/www.ildiariodellabellezza.it\/wp-content\/uploads\/masque-peeling-75x75.jpg 75w, https:\/\/www.ildiariodellabellezza.it\/wp-content\/uploads\/masque-peeling-85x85.jpg 85w, https:\/\/www.ildiariodellabellezza.it\/wp-content\/uploads\/masque-peeling-80x80.jpg 80w, https:\/\/www.ildiariodellabellezza.it\/wp-content\/uploads\/masque-peeling.jpg 1100w\" sizes=\"auto, (max-width:767px) 700px, (max-width:800px) 100vw, 800px\" \/><\/a><div class=\"image_links\"><a class=\"link\" tabindex=\"-1\" href=\"https:\/\/www.ildiariodellabellezza.it\/en\/product\/masque-peeling\/\"><svg viewBox=\"0 0 26 26\"><defs><style>.path{fill:none;stroke:#333;stroke-miterlimit:10;stroke-width:1.5px;}<\/style><\/defs><g><path d=\"M10.17,8.76l2.12-2.12a5,5,0,0,1,7.07,0h0a5,5,0,0,1,0,7.07l-2.12,2.12\" class=\"path\"\/><path d=\"M15.83,17.24l-2.12,2.12a5,5,0,0,1-7.07,0h0a5,5,0,0,1,0-7.07l2.12-2.12\" class=\"path\"\/><line x1=\"10.17\" y1=\"15.83\" x2=\"15.83\" y2=\"10.17\" class=\"path\"\/><\/g><\/svg><\/a><\/div><\/div><a href=\"https:\/\/www.ildiariodellabellezza.it\/en\/product\/masque-peeling\/\" aria-label=\"MASQUE PEELING +\" tabindex=\"-1\"><span class=\"product-loading-icon added-cart\"><\/span><\/a><\/div><\/div>\n\t<div class=\"desc\">\n\n\t\t\n\t\t<h4 class=\"mfn-woo-product-title\"><a href=\"https:\/\/www.ildiariodellabellezza.it\/en\/product\/masque-peeling\/\">MASQUE PEELING +<\/a><\/h4>\n\t\t\n<div class=\"mfn-li-product-row mfn-li-product-row-button hide-button\"><\/div>\n\t<\/div>\n\n<\/li>\n<li class=\"isotope-item align-center product type-product post-5532 status-publish first instock product_cat-anti-aging-skin-golden-age product_cat-anti-aging-skin-phyto-lifting product_cat-phyto-synergie product_cat-normal-skin-hydra-eclat has-post-thumbnail shipping-taxable product-type-simple\" >\n\n\t<div class=\"mfn-li-product-row mfn-li-product-row-image\"><div class=\"image_frame scale-with-grid product-loop-thumb\"><div class=\"image_wrapper \"><a href=\"https:\/\/www.ildiariodellabellezza.it\/en\/product\/visage-extra-tonique\/\" aria-label=\"VISAGE EXTRA-TONIQUE +\" tabindex=\"-1\"><div class=\"mask\"><\/div><img loading=\"lazy\" decoding=\"async\" width=\"800\" height=\"800\" src=\"https:\/\/www.ildiariodellabellezza.it\/wp-content\/uploads\/lozione-tonica-idratante-viso-900x900.jpg\" class=\"attachment-woocommerce_thumbnail size-woocommerce_thumbnail\" alt=\"VISAGE EXTRA-TONIQUE +\" srcset=\"https:\/\/www.ildiariodellabellezza.it\/wp-content\/uploads\/lozione-tonica-idratante-viso-900x900.jpg 900w, https:\/\/www.ildiariodellabellezza.it\/wp-content\/uploads\/lozione-tonica-idratante-viso-300x300.jpg 300w, https:\/\/www.ildiariodellabellezza.it\/wp-content\/uploads\/lozione-tonica-idratante-viso-450x450.jpg 450w, https:\/\/www.ildiariodellabellezza.it\/wp-content\/uploads\/lozione-tonica-idratante-viso-768x768.jpg 768w, https:\/\/www.ildiariodellabellezza.it\/wp-content\/uploads\/lozione-tonica-idratante-viso-1024x1024.jpg 1024w, https:\/\/www.ildiariodellabellezza.it\/wp-content\/uploads\/lozione-tonica-idratante-viso-146x146.jpg 146w, https:\/\/www.ildiariodellabellezza.it\/wp-content\/uploads\/lozione-tonica-idratante-viso-50x50.jpg 50w, https:\/\/www.ildiariodellabellezza.it\/wp-content\/uploads\/lozione-tonica-idratante-viso-75x75.jpg 75w, https:\/\/www.ildiariodellabellezza.it\/wp-content\/uploads\/lozione-tonica-idratante-viso-85x85.jpg 85w, https:\/\/www.ildiariodellabellezza.it\/wp-content\/uploads\/lozione-tonica-idratante-viso-80x80.jpg 80w, https:\/\/www.ildiariodellabellezza.it\/wp-content\/uploads\/lozione-tonica-idratante-viso.jpg 1100w\" sizes=\"auto, (max-width:767px) 700px, (max-width:800px) 100vw, 800px\" \/><\/a><div class=\"image_links\"><a class=\"link\" tabindex=\"-1\" href=\"https:\/\/www.ildiariodellabellezza.it\/en\/product\/visage-extra-tonique\/\"><svg viewBox=\"0 0 26 26\"><defs><style>.path{fill:none;stroke:#333;stroke-miterlimit:10;stroke-width:1.5px;}<\/style><\/defs><g><path d=\"M10.17,8.76l2.12-2.12a5,5,0,0,1,7.07,0h0a5,5,0,0,1,0,7.07l-2.12,2.12\" class=\"path\"\/><path d=\"M15.83,17.24l-2.12,2.12a5,5,0,0,1-7.07,0h0a5,5,0,0,1,0-7.07l2.12-2.12\" class=\"path\"\/><line x1=\"10.17\" y1=\"15.83\" x2=\"15.83\" y2=\"10.17\" class=\"path\"\/><\/g><\/svg><\/a><\/div><\/div><a href=\"https:\/\/www.ildiariodellabellezza.it\/en\/product\/visage-extra-tonique\/\" aria-label=\"VISAGE EXTRA-TONIQUE +\" tabindex=\"-1\"><span class=\"product-loading-icon added-cart\"><\/span><\/a><\/div><\/div>\n\t<div class=\"desc\">\n\n\t\t\n\t\t<h4 class=\"mfn-woo-product-title\"><a href=\"https:\/\/www.ildiariodellabellezza.it\/en\/product\/visage-extra-tonique\/\">VISAGE EXTRA-TONIQUE +<\/a><\/h4>\n\t\t\n<div class=\"mfn-li-product-row mfn-li-product-row-button hide-button\"><\/div>\n\t<\/div>\n\n<\/li>\n\n\t<\/ul>\n<\/div><\/div>[\/vc_column][\/vc_row]<\/p>\n<\/div>","protected":false},"excerpt":{"rendered":"<p>[vc_row][vc_column css_animation=&#8221;fadeIn&#8221;][vc_column_text css_animation=&#8221;fadeIn&#8221;]EST\u0112REL offers the newest and effective line GOLDEN AGE for re-discovering youth and<span class=\"excerpt-hellip\"> [\u2026]<\/span><\/p>\n","protected":false},"author":1,"featured_media":0,"parent":0,"menu_order":0,"comment_status":"closed","ping_status":"closed","template":"","meta":{"footnotes":""},"class_list":["post-5845","page","type-page","status-publish","hentry"],"_links":{"self":[{"href":"https:\/\/www.ildiariodellabellezza.it\/en\/wp-json\/wp\/v2\/pages\/5845","targetHints":{"allow":["GET"]}}],"collection":[{"href":"https:\/\/www.ildiariodellabellezza.it\/en\/wp-json\/wp\/v2\/pages"}],"about":[{"href":"https:\/\/www.ildiariodellabellezza.it\/en\/wp-json\/wp\/v2\/types\/page"}],"author":[{"embeddable":true,"href":"https:\/\/www.ildiariodellabellezza.it\/en\/wp-json\/wp\/v2\/users\/1"}],"replies":[{"embeddable":true,"href":"https:\/\/www.ildiariodellabellezza.it\/en\/wp-json\/wp\/v2\/comments?post=5845"}],"version-history":[{"count":8,"href":"https:\/\/www.ildiariodellabellezza.it\/en\/wp-json\/wp\/v2\/pages\/5845\/revisions"}],"predecessor-version":[{"id":10930,"href":"https:\/\/www.ildiariodellabellezza.it\/en\/wp-json\/wp\/v2\/pages\/5845\/revisions\/10930"}],"wp:attachment":[{"href":"https:\/\/www.ildiariodellabellezza.it\/en\/wp-json\/wp\/v2\/media?parent=5845"}],"curies":[{"name":"wp","href":"https:\/\/api.w.org\/{rel}","templated":true}]}}