{"id":4249,"date":"2018-04-17T16:27:26","date_gmt":"2018-04-17T16:27:26","guid":{"rendered":"https:\/\/www.ildiariodellabellezza.it\/prodotto\/osmotique-thermal\/"},"modified":"2018-06-25T08:44:22","modified_gmt":"2018-06-25T08:44:22","slug":"osmotique-thermal","status":"publish","type":"product","link":"https:\/\/www.ildiariodellabellezza.it\/en\/product\/osmotique-thermal\/","title":{"rendered":"OSMOTIQUE THERMAL"},"content":{"rendered":"<ul class=\"list_check\">\n<li><a href=\"https:\/\/www.ildiariodellabellezza.it\/en\/ingredienti\/principi-attivi\/\">THERMAL WATER<\/a><\/li>\n<li><a href=\"https:\/\/www.ildiariodellabellezza.it\/en\/ingredienti\/tarassaco\/\">CHLOROPHYLLIN<\/a><\/li>\n<\/ul>\n","protected":false},"excerpt":{"rendered":"<p>Restoring Hair\/Skin Gel<\/p>\n<p>Thermal gel for the preparation of the exclusive OSMOTIQUE MASK EST\u00c9REL, in synergy with the OSMOTIQUE THERMAL LOTION EST\u00c9REL, and for AROMATIC BIO-MASKS EST\u00c9REL when mixed with the PHYTO SYNERGIE Essential Oils. Recommended for all types of hair and skin.<\/p>\n","protected":false},"featured_media":4240,"template":"","meta":[],"product_brand":[],"product_cat":[403,405,577,279,278,277,219,350,377,441],"product_tag":[],"class_list":{"0":"post-4249","1":"product","2":"type-product","3":"status-publish","4":"has-post-thumbnail","6":"product_cat-dry-skin-hydra-evolution-con-couperose","7":"product_cat-dry-skin-hydra-evolution-pelle-disidratata","8":"product_cat-hair-spa-detoxifing-action","9":"product_cat-hard-hair-cuoio-capelluto-secco-disidratato-intossicato-restructure-phyto-vital","10":"product_cat-hard-hair-secchi-e-aridi-restructure-phyto-vital","11":"product_cat-hard-hair-senza-tono-e-struttura-restructure-phyto-vital","12":"product_cat-hard-hair-restructure-phyto-vital","13":"product_cat-phyto-synergie","14":"product_cat-normal-skin-hydra-eclat","15":"product_cat-oily-skin-phyto-equilibrante","16":"pa_specific-care-special-t-en","17":"pa_texture-gel-en","19":"first","20":"instock","21":"shipping-taxable","22":"product-type-simple"},"_links":{"self":[{"href":"https:\/\/www.ildiariodellabellezza.it\/en\/wp-json\/wp\/v2\/product\/4249","targetHints":{"allow":["GET"]}}],"collection":[{"href":"https:\/\/www.ildiariodellabellezza.it\/en\/wp-json\/wp\/v2\/product"}],"about":[{"href":"https:\/\/www.ildiariodellabellezza.it\/en\/wp-json\/wp\/v2\/types\/product"}],"wp:featuredmedia":[{"embeddable":true,"href":"https:\/\/www.ildiariodellabellezza.it\/en\/wp-json\/wp\/v2\/media\/4240"}],"wp:attachment":[{"href":"https:\/\/www.ildiariodellabellezza.it\/en\/wp-json\/wp\/v2\/media?parent=4249"}],"wp:term":[{"taxonomy":"product_brand","embeddable":true,"href":"https:\/\/www.ildiariodellabellezza.it\/en\/wp-json\/wp\/v2\/product_brand?post=4249"},{"taxonomy":"product_cat","embeddable":true,"href":"https:\/\/www.ildiariodellabellezza.it\/en\/wp-json\/wp\/v2\/product_cat?post=4249"},{"taxonomy":"product_tag","embeddable":true,"href":"https:\/\/www.ildiariodellabellezza.it\/en\/wp-json\/wp\/v2\/product_tag?post=4249"}],"curies":[{"name":"wp","href":"https:\/\/api.w.org\/{rel}","templated":true}]}}