{"id":4403,"date":"2018-04-20T14:10:23","date_gmt":"2018-04-20T14:16:42","guid":{"rendered":"https:\/\/www.ildiariodellabellezza.it\/?post_type=product&#038;p=4403"},"modified":"2018-07-18T23:34:34","modified_gmt":"2018-07-18T23:34:34","slug":"cheveux-demineralisee-plus","status":"publish","type":"product","link":"https:\/\/www.ildiariodellabellezza.it\/en\/product\/cheveux-demineralisee-plus\/","title":{"rendered":"CHEVEUX D\u00c9MIN\u00c9RALIS\u00c9E PLUS"},"content":{"rendered":"<ul class=\"list_check\">\n<li><a href=\"https:\/\/www.ildiariodellabellezza.it\/en\/ingredienti\/principi-attivi\/\">TRACE ELEMENTS<\/a> (COPPER, ZINC)<\/li>\n<li><a href=\"https:\/\/www.ildiariodellabellezza.it\/en\/ingredienti\/faggio\/\">BEECH<\/a> AND <a href=\"https:\/\/www.ildiariodellabellezza.it\/en\/ingredienti\/lievito-di-birra\/\">WILD YEAST EXTRACT<\/a><\/li>\n<li><a href=\"https:\/\/www.ildiariodellabellezza.it\/en\/ingredienti\/cheratina-idrolizzata\/\">HYDROLYZED KERATIN<\/a><\/li>\n<li><a href=\"https:\/\/www.ildiariodellabellezza.it\/en\/ingredienti\/soia\/\">SOY<\/a><\/li>\n<\/ul>\n","protected":false},"excerpt":{"rendered":"<p>Advanced Mineralizing Lotion<\/p>\n<p>Specific mineralizing lotion for treating hair. Including the most precious mineral salts it stimulates the keratin<br \/>\nproduction.<\/p>\n","protected":false},"featured_media":4405,"template":"","meta":[],"product_brand":[],"product_cat":[283,257],"product_tag":[],"class_list":{"0":"post-4403","1":"product","2":"type-product","3":"status-publish","4":"has-post-thumbnail","6":"product_cat-thin-and-fragile-hair-diradati-soin-hydratant","7":"product_cat-thin-and-fragile-hair-soin-hydratant","8":"pa_specific-care-special-t-en","9":"pa_texture-lotion","11":"first","12":"instock","13":"shipping-taxable","14":"product-type-simple"},"_links":{"self":[{"href":"https:\/\/www.ildiariodellabellezza.it\/en\/wp-json\/wp\/v2\/product\/4403","targetHints":{"allow":["GET"]}}],"collection":[{"href":"https:\/\/www.ildiariodellabellezza.it\/en\/wp-json\/wp\/v2\/product"}],"about":[{"href":"https:\/\/www.ildiariodellabellezza.it\/en\/wp-json\/wp\/v2\/types\/product"}],"wp:featuredmedia":[{"embeddable":true,"href":"https:\/\/www.ildiariodellabellezza.it\/en\/wp-json\/wp\/v2\/media\/4405"}],"wp:attachment":[{"href":"https:\/\/www.ildiariodellabellezza.it\/en\/wp-json\/wp\/v2\/media?parent=4403"}],"wp:term":[{"taxonomy":"product_brand","embeddable":true,"href":"https:\/\/www.ildiariodellabellezza.it\/en\/wp-json\/wp\/v2\/product_brand?post=4403"},{"taxonomy":"product_cat","embeddable":true,"href":"https:\/\/www.ildiariodellabellezza.it\/en\/wp-json\/wp\/v2\/product_cat?post=4403"},{"taxonomy":"product_tag","embeddable":true,"href":"https:\/\/www.ildiariodellabellezza.it\/en\/wp-json\/wp\/v2\/product_tag?post=4403"}],"curies":[{"name":"wp","href":"https:\/\/api.w.org\/{rel}","templated":true}]}}